{"id":32798,"date":"2024-06-06T21:36:25","date_gmt":"2024-06-06T20:36:25","guid":{"rendered":"https:\/\/cybersecservices.ch\/?page_id=32798"},"modified":"2025-04-09T15:24:39","modified_gmt":"2025-04-09T14:24:39","slug":"the-team","status":"publish","type":"page","link":"https:\/\/cybersecservices.ch\/en\/the-team\/","title":{"rendered":"The team"},"content":{"rendered":"<p>[et_pb_section fb_built=&#8221;1&#8243; custom_padding_last_edited=&#8221;on|tablet&#8221; disabled_on=&#8221;off|off|off&#8221; _builder_version=&#8221;4.25.1&#8243; _module_preset=&#8221;default&#8221; background_enable_color=&#8221;off&#8221; use_background_color_gradient=&#8221;on&#8221; background_color_gradient_stops=&#8221;rgba(255, 255, 255, 0.66) 61%|rgba(255,255,255,0.66) 75%&#8221; background_color_gradient_overlays_image=&#8221;on&#8221; background_image=&#8221;https:\/\/cybersecservices.ch\/wp-content\/uploads\/2024\/05\/Sfondo-hero-css.jpg&#8221; background_enable_video_mp4=&#8221;off&#8221; custom_margin=&#8221;0px||0px||false|false&#8221; custom_padding=&#8221;100px||100px||true|false&#8221; custom_padding_tablet=&#8221;55px||55px||true|false&#8221; custom_padding_phone=&#8221;40px||40px||true|false&#8221; global_colors_info=&#8221;{}&#8221; theme_builder_area=&#8221;post_content&#8221;][et_pb_row _builder_version=&#8221;4.25.1&#8243; _module_preset=&#8221;default&#8221; width=&#8221;95%&#8221; width_tablet=&#8221;80%&#8221; width_phone=&#8221;85%&#8221; width_last_edited=&#8221;on|tablet&#8221; max_width=&#8221;1168px&#8221; custom_margin=&#8221;|auto||auto|false|false&#8221; animation_style=&#8221;fade&#8221; locked=&#8221;off&#8221; global_colors_info=&#8221;{}&#8221; width__hover_enabled=&#8221;off|desktop&#8221; theme_builder_area=&#8221;post_content&#8221;][et_pb_column type=&#8221;4_4&#8243; _builder_version=&#8221;4.25.1&#8243; _module_preset=&#8221;default&#8221; global_colors_info=&#8221;{}&#8221; theme_builder_area=&#8221;post_content&#8221;][et_pb_text _builder_version=&#8221;4.27.4&#8243; _module_preset=&#8221;default&#8221; text_line_height=&#8221;1.6em&#8221; header_font=&#8221;|700|||||||&#8221; header_font_size=&#8221;50px&#8221; header_2_font=&#8221;||||||||&#8221; header_2_text_color=&#8221;#EC8F0E&#8221; header_2_font_size=&#8221;30px&#8221; header_4_font=&#8221;|600|||||||&#8221; header_4_text_color=&#8221;#747474&#8243; header_4_font_size=&#8221;35px&#8221; header_4_letter_spacing=&#8221;-1px&#8221; text_orientation=&#8221;center&#8221; max_width=&#8221;100%&#8221; custom_margin=&#8221;||0px||false|false&#8221; custom_margin_tablet=&#8221;0px||80px||false|false&#8221; custom_margin_phone=&#8221;||55px||false|false&#8221; custom_margin_last_edited=&#8221;off|tablet&#8221; custom_padding=&#8221;0px||0px||false|false&#8221; text_font_size_tablet=&#8221;18px&#8221; text_font_size_phone=&#8221;16px&#8221; text_font_size_last_edited=&#8221;on|phone&#8221; header_font_size_tablet=&#8221;30px&#8221; header_font_size_phone=&#8221;30px&#8221; header_font_size_last_edited=&#8221;on|tablet&#8221; global_colors_info=&#8221;{}&#8221; theme_builder_area=&#8221;post_content&#8221;]<\/p>\n<h1>The CSS Team<\/h1>\n<p>Our company thrives thanks to the dedication of a close-knit group of professionals, ranging from IT experts to those in accounting and communication. This team operates in an environment of strong, constructive professional interaction, made possible by the quality of human relationships and the recognition of each person\u2019s abilities, commitment, and uniqueness.<\/p>\n<p>[\/et_pb_text][\/et_pb_column][\/et_pb_row][\/et_pb_section][et_pb_section fb_built=&#8221;1&#8243; custom_padding_last_edited=&#8221;on|tablet&#8221; module_id=&#8221;protezione&#8221; _builder_version=&#8221;4.25.1&#8243; _module_preset=&#8221;default&#8221; background_enable_color=&#8221;off&#8221; width=&#8221;100%&#8221; module_alignment=&#8221;center&#8221; custom_margin=&#8221;0px||0px||false|false&#8221; custom_padding=&#8221;0px||100px||false|false&#8221; custom_padding_tablet=&#8221;0px||0px||true|false&#8221; custom_padding_phone=&#8221;0px||0px||true|false&#8221; border_color_top=&#8221;rgba(116,116,116,0.34)&#8221; global_colors_info=&#8221;{}&#8221; theme_builder_area=&#8221;post_content&#8221;][et_pb_row column_structure=&#8221;1_2,1_2&#8243; make_equal=&#8221;on&#8221; custom_padding_last_edited=&#8221;on|phone&#8221; _builder_version=&#8221;4.25.1&#8243; _module_preset=&#8221;default&#8221; background_color=&#8221;#2d2d2d&#8221; width=&#8221;95%&#8221; width_tablet=&#8221;100%&#8221; width_phone=&#8221;100%&#8221; width_last_edited=&#8221;on|tablet&#8221; max_width=&#8221;1301px&#8221; max_width_tablet=&#8221;2560%&#8221; max_width_phone=&#8221;2560%&#8221; max_width_last_edited=&#8221;on|tablet&#8221; custom_margin=&#8221;||||true|false&#8221; custom_padding=&#8221;50px|50px|50px|50px|false|true&#8221; custom_padding_tablet=&#8221;50px|50px|50px|50px|false|true&#8221; custom_padding_phone=&#8221;50px|35px|50px|35px|true|true&#8221; animation_style=&#8221;slide&#8221; animation_direction=&#8221;right&#8221; animation_duration=&#8221;1200ms&#8221; animation_intensity_slide=&#8221;6%&#8221; border_color_bottom=&#8221;rgba(0,0,0,0.33)&#8221; global_colors_info=&#8221;{}&#8221; max_width__hover_enabled=&#8221;off|desktop&#8221; theme_builder_area=&#8221;post_content&#8221;][et_pb_column type=&#8221;1_2&#8243; _builder_version=&#8221;4.25.1&#8243; _module_preset=&#8221;default&#8221; background_enable_color=&#8221;off&#8221; background_image=&#8221;https:\/\/cybersecservices.ch\/wp-content\/uploads\/2024\/05\/Css-06.jpg&#8221; custom_padding=&#8221;0px|0px|0px|0px|true|true&#8221; custom_padding_tablet=&#8221;182px|0px|182px|0px|true|true&#8221; custom_padding_phone=&#8221;108px||108px||true|true&#8221; custom_padding_last_edited=&#8221;on|tablet&#8221; global_colors_info=&#8221;{}&#8221; theme_builder_area=&#8221;post_content&#8221;][et_pb_divider show_divider=&#8221;off&#8221; _builder_version=&#8221;4.27.4&#8243; _module_preset=&#8221;default&#8221; global_colors_info=&#8221;{}&#8221; theme_builder_area=&#8221;post_content&#8221;][\/et_pb_divider][\/et_pb_column][et_pb_column type=&#8221;1_2&#8243; _builder_version=&#8221;4.25.1&#8243; _module_preset=&#8221;default&#8221; background_enable_color=&#8221;off&#8221; custom_padding=&#8221;0px|0px|0px|0px|true|true&#8221; custom_css_main_element=&#8221;||display: flex;||flex-direction: column;||justify-content: center;||||&#8221; global_colors_info=&#8221;{}&#8221; theme_builder_area=&#8221;post_content&#8221;][et_pb_text _builder_version=&#8221;4.27.4&#8243; _module_preset=&#8221;default&#8221; text_font=&#8221;|300|||||||&#8221; text_text_color=&#8221;#FFFFFF&#8221; text_font_size=&#8221;18px&#8221; text_line_height=&#8221;1.4em&#8221; header_3_font=&#8221;|600|||||||&#8221; header_3_font_size=&#8221;35px&#8221; custom_margin=&#8221;0px||0px||false|false&#8221; custom_margin_tablet=&#8221;32px||29px||false|false&#8221; custom_margin_phone=&#8221;0px||0px||false|false&#8221; custom_margin_last_edited=&#8221;on|tablet&#8221; custom_padding=&#8221;0px||0px||false|false&#8221; text_font_size_tablet=&#8221;18px&#8221; text_font_size_phone=&#8221;16px&#8221; text_font_size_last_edited=&#8221;on|phone&#8221; border_color_left=&#8221;#EC8F0E&#8221; global_colors_info=&#8221;{}&#8221; theme_builder_area=&#8221;post_content&#8221;]<\/p>\n<p>For us, cybersecurity is like performing Beethoven\u2019s Ninth Symphony. We believe in working together harmoniously, balancing commitment and satisfaction, to bring joy to each of the 365 days of the year as part of our team.<\/p>\n<p>Visitors to our headquarters often find themselves sharing moments of laughter, perhaps over a cup of coffee or during a demo. Serenity and enthusiasm are as vital to the CSS Team as providing the best possible security service to our clients.<\/p>\n<p>So, don\u2019t be surprised if, after an intense work session, some of our team members stay a bit longer in the office, maybe for a foosball match or a relaxing chat.<\/p>\n<p>The physical and virtual walls of CSS are both a workplace and a home. Here, we strive to do our best not only for our clients but also for the many wonderful individuals who make up our unique team, both professionally and personally.<\/p>\n<p>[\/et_pb_text][\/et_pb_column][\/et_pb_row][\/et_pb_section]<\/p>\n","protected":false},"excerpt":{"rendered":"<p>The CSS Team Our company thrives thanks to the dedication of a close-knit group of professionals, ranging from IT experts to those in accounting and communication. This team operates in an environment of strong, constructive professional interaction, made possible by the quality of human relationships and the recognition of each person\u2019s abilities, commitment, and uniqueness.For [&hellip;]<\/p>\n","protected":false},"author":3,"featured_media":0,"parent":0,"menu_order":0,"comment_status":"closed","ping_status":"closed","template":"","meta":{"_et_pb_use_builder":"on","_et_pb_old_content":"<p>[et_pb_section fb_built=\"1\" custom_padding_last_edited=\"on|tablet\" disabled_on=\"off|off|off\" _builder_version=\"4.25.1\" _module_preset=\"default\" background_enable_color=\"off\" use_background_color_gradient=\"on\" background_color_gradient_stops=\"rgba(255, 255, 255, 0.66) 61%|rgba(255,255,255,0.66) 75%\" background_color_gradient_overlays_image=\"on\" background_image=\"https:\/\/cybersecservices.ch\/wp-content\/uploads\/2024\/05\/Sfondo-hero-css.jpg\" background_enable_video_mp4=\"off\" custom_margin=\"0px||0px||false|false\" custom_padding=\"100px||100px||true|false\" custom_padding_tablet=\"55px||55px||true|false\" custom_padding_phone=\"40px||40px||true|false\" global_colors_info=\"{}\"][et_pb_row _builder_version=\"4.25.1\" _module_preset=\"default\" width=\"95%\" width_tablet=\"80%\" width_phone=\"85%\" width_last_edited=\"on|tablet\" max_width=\"1168px\" custom_margin=\"|auto||auto|false|false\" animation_style=\"fade\" locked=\"off\" global_colors_info=\"{}\" width__hover_enabled=\"off|desktop\"][et_pb_column type=\"4_4\" _builder_version=\"4.25.1\" _module_preset=\"default\" global_colors_info=\"{}\"][et_pb_text _builder_version=\"4.25.1\" _module_preset=\"default\" text_line_height=\"1.6em\" header_font=\"|700|||||||\" header_font_size=\"50px\" header_2_font=\"||||||||\" header_2_text_color=\"#EC8F0E\" header_2_font_size=\"30px\" header_4_font=\"|600|||||||\" header_4_text_color=\"#747474\" header_4_font_size=\"35px\" header_4_letter_spacing=\"-1px\" text_orientation=\"center\" max_width=\"100%\" custom_margin=\"||0px||false|false\" custom_margin_tablet=\"0px||80px||false|false\" custom_margin_phone=\"||55px||false|false\" custom_margin_last_edited=\"off|tablet\" custom_padding=\"0px||0px||false|false\" text_font_size_tablet=\"18px\" text_font_size_phone=\"16px\" text_font_size_last_edited=\"on|phone\" header_font_size_tablet=\"30px\" header_font_size_phone=\"30px\" header_font_size_last_edited=\"on|tablet\" global_colors_info=\"{}\"]<\/p><h1>Il Team di CSS<\/h1><p>La nostra azienda \u00e8 resa possibile dal lavoro di un gruppo affiatato di professionisti, dagli esperti informatici a chi si occupa della contabilit\u00e0 e della comunicazione. Un gruppo che opera in un ambiente di forte sinergia professionale, possibile solo grazie alla qualit\u00e0 delle relazioni umane e alla valorizzazione della competenza, dell\u2019impegno e dell\u2019unicit\u00e0 di ogni singola persona che lo compone. [\/et_pb_text][\/et_pb_column][\/et_pb_row][\/et_pb_section][et_pb_section fb_built=\"1\" custom_padding_last_edited=\"on|tablet\" module_id=\"protezione\" _builder_version=\"4.25.1\" _module_preset=\"default\" background_enable_color=\"off\" width=\"100%\" module_alignment=\"center\" custom_margin=\"0px||0px||false|false\" custom_padding=\"0px||100px||false|false\" custom_padding_tablet=\"0px||0px||true|false\" custom_padding_phone=\"0px||0px||true|false\" border_color_top=\"rgba(116,116,116,0.34)\" global_colors_info=\"{}\"][et_pb_row column_structure=\"1_2,1_2\" make_equal=\"on\" custom_padding_last_edited=\"on|phone\" _builder_version=\"4.25.1\" _module_preset=\"default\" background_color=\"#2d2d2d\" width=\"95%\" width_tablet=\"100%\" width_phone=\"100%\" width_last_edited=\"on|tablet\" max_width=\"1301px\" max_width_tablet=\"2560%\" max_width_phone=\"2560%\" max_width_last_edited=\"on|tablet\" custom_margin=\"||||true|false\" custom_padding=\"50px|50px|50px|50px|false|true\" custom_padding_tablet=\"50px|50px|50px|50px|false|true\" custom_padding_phone=\"50px|35px|50px|35px|true|true\" animation_style=\"slide\" animation_direction=\"right\" animation_duration=\"1200ms\" animation_intensity_slide=\"6%\" border_color_bottom=\"rgba(0,0,0,0.33)\" global_colors_info=\"{}\" max_width__hover_enabled=\"off|desktop\"][et_pb_column type=\"1_2\" _builder_version=\"4.25.1\" _module_preset=\"default\" background_enable_color=\"off\" background_image=\"https:\/\/cybersecservices.ch\/wp-content\/uploads\/2024\/05\/Css-06.jpg\" custom_padding=\"0px|0px|0px|0px|true|true\" custom_padding_tablet=\"182px|0px|182px|0px|true|true\" custom_padding_phone=\"108px||108px||true|true\" custom_padding_last_edited=\"on|tablet\" global_colors_info=\"{}\"][et_pb_divider show_divider=\"off\" _builder_version=\"4.25.1\" _module_preset=\"default\" global_colors_info=\"{}\"][\/et_pb_divider][\/et_pb_column][et_pb_column type=\"1_2\" _builder_version=\"4.25.1\" _module_preset=\"default\" background_enable_color=\"off\" custom_padding=\"0px|0px|0px|0px|true|true\" custom_css_main_element=\"||display: flex;||flex-direction: column;||justify-content: center;||||\" global_colors_info=\"{}\"][et_pb_text _builder_version=\"4.25.1\" _module_preset=\"default\" text_font=\"|300|||||||\" text_text_color=\"#FFFFFF\" text_font_size=\"18px\" text_line_height=\"1.4em\" header_3_font=\"|600|||||||\" header_3_font_size=\"35px\" custom_margin=\"0px||0px||false|false\" custom_margin_tablet=\"32px||29px||false|false\" custom_margin_phone=\"0px||0px||false|false\" custom_margin_last_edited=\"on|tablet\" custom_padding=\"0px||0px||false|false\" text_font_size_tablet=\"18px\" text_font_size_phone=\"16px\" text_font_size_last_edited=\"on|phone\" border_color_left=\"#EC8F0E\" global_colors_info=\"{}\"]La cyber security per noi \u00e8 come suonare la Nona Sinfonia di Beethoven. Crediamo fortemente nella possibilit\u00e0 di lavorare coralmente, curando l\u2019armonia tra impegno e soddisfazione, per dare vita a ognuno dei 365 giorni dell\u2019anno con il piacere di essere parte del nostro gruppo. Chi viene a trovarci in sede non potr\u00e0 fare a meno di trovarsi in qualche momento di risate insieme, magari sorseggiando un caff\u00e8 o assistendo a una demo. Perch\u00e9 per il Team di CSS sono importanti la serenit\u00e0 e l\u2019entusiasmo, tanto quanto lo \u00e8 fornire ai clienti il miglior servizio possibile di sicurezza. Non stupitevi, quindi, se dopo una sessione di lavoro intensissimo alcuni dei nostri ragazzi si fermino un po\u2019 pi\u00f9 a lungo in ufficio, magari per una sfida a biliardino o per fare due chiacchiere distensive. Perch\u00e9 le mura fisiche e virtuali di CSS non sono solo un luogo di lavoro, ma anche una casa. Dove cerchiamo di dare il meglio, oltre che per tutti i nostri clienti, anche per i tanti bei volti che animano un team professionalmente e umanamente unico. [\/et_pb_text][\/et_pb_column][\/et_pb_row][\/et_pb_section]<\/p>","_et_gb_content_width":"","footnotes":""},"class_list":["post-32798","page","type-page","status-publish","hentry"],"yoast_head":"<!-- This site is optimized with the Yoast SEO plugin v26.9 - https:\/\/yoast.com\/product\/yoast-seo-wordpress\/ -->\n<title>The team - CSS CyberSec Services<\/title>\n<meta name=\"robots\" content=\"index, follow, max-snippet:-1, max-image-preview:large, max-video-preview:-1\" \/>\n<link rel=\"canonical\" href=\"https:\/\/cybersecservices.ch\/en\/the-team\/\" \/>\n<meta property=\"og:locale\" content=\"en_US\" \/>\n<meta property=\"og:type\" content=\"article\" \/>\n<meta property=\"og:title\" content=\"The team - CSS CyberSec Services\" \/>\n<meta property=\"og:description\" content=\"The CSS Team Our company thrives thanks to the dedication of a close-knit group of professionals, ranging from IT experts to those in accounting and communication. This team operates in an environment of strong, constructive professional interaction, made possible by the quality of human relationships and the recognition of each person\u2019s abilities, commitment, and uniqueness.For [&hellip;]\" \/>\n<meta property=\"og:url\" content=\"https:\/\/cybersecservices.ch\/en\/the-team\/\" \/>\n<meta property=\"og:site_name\" content=\"CSS CyberSec Services\" \/>\n<meta property=\"article:modified_time\" content=\"2025-04-09T14:24:39+00:00\" \/>\n<meta name=\"twitter:card\" content=\"summary_large_image\" \/>\n<meta name=\"twitter:label1\" content=\"Est. reading time\" \/>\n\t<meta name=\"twitter:data1\" content=\"2 minutes\" \/>\n<script type=\"application\/ld+json\" class=\"yoast-schema-graph\">{\"@context\":\"https:\/\/schema.org\",\"@graph\":[{\"@type\":\"WebPage\",\"@id\":\"https:\/\/cybersecservices.ch\/en\/the-team\/\",\"url\":\"https:\/\/cybersecservices.ch\/en\/the-team\/\",\"name\":\"The team - CSS CyberSec Services\",\"isPartOf\":{\"@id\":\"https:\/\/cybersecservices.ch\/en\/#website\"},\"datePublished\":\"2024-06-06T20:36:25+00:00\",\"dateModified\":\"2025-04-09T14:24:39+00:00\",\"breadcrumb\":{\"@id\":\"https:\/\/cybersecservices.ch\/en\/the-team\/#breadcrumb\"},\"inLanguage\":\"en-US\",\"potentialAction\":[{\"@type\":\"ReadAction\",\"target\":[\"https:\/\/cybersecservices.ch\/en\/the-team\/\"]}]},{\"@type\":\"BreadcrumbList\",\"@id\":\"https:\/\/cybersecservices.ch\/en\/the-team\/#breadcrumb\",\"itemListElement\":[{\"@type\":\"ListItem\",\"position\":1,\"name\":\"Home\",\"item\":\"https:\/\/cybersecservices.ch\/en\/css-cybersec-services-the-only-soc-in-ticino\/\"},{\"@type\":\"ListItem\",\"position\":2,\"name\":\"The team\"}]},{\"@type\":\"WebSite\",\"@id\":\"https:\/\/cybersecservices.ch\/en\/#website\",\"url\":\"https:\/\/cybersecservices.ch\/en\/\",\"name\":\"CSS CYBERSECSERVICES\",\"description\":\"SOC h24 in Ticino\",\"publisher\":{\"@id\":\"https:\/\/cybersecservices.ch\/en\/#organization\"},\"potentialAction\":[{\"@type\":\"SearchAction\",\"target\":{\"@type\":\"EntryPoint\",\"urlTemplate\":\"https:\/\/cybersecservices.ch\/en\/?s={search_term_string}\"},\"query-input\":{\"@type\":\"PropertyValueSpecification\",\"valueRequired\":true,\"valueName\":\"search_term_string\"}}],\"inLanguage\":\"en-US\"},{\"@type\":\"Organization\",\"@id\":\"https:\/\/cybersecservices.ch\/en\/#organization\",\"name\":\"CSS CYBERSECSERVICES\",\"url\":\"https:\/\/cybersecservices.ch\/en\/\",\"logo\":{\"@type\":\"ImageObject\",\"inLanguage\":\"en-US\",\"@id\":\"https:\/\/cybersecservices.ch\/en\/#\/schema\/logo\/image\/\",\"url\":\"https:\/\/cybersecservices.ch\/wp-content\/uploads\/2024\/05\/CSS_logodef.png\",\"contentUrl\":\"https:\/\/cybersecservices.ch\/wp-content\/uploads\/2024\/05\/CSS_logodef.png\",\"width\":1968,\"height\":1084,\"caption\":\"CSS CYBERSECSERVICES\"},\"image\":{\"@id\":\"https:\/\/cybersecservices.ch\/en\/#\/schema\/logo\/image\/\"}}]}<\/script>\n<!-- \/ Yoast SEO plugin. -->","yoast_head_json":{"title":"The team - CSS CyberSec Services","robots":{"index":"index","follow":"follow","max-snippet":"max-snippet:-1","max-image-preview":"max-image-preview:large","max-video-preview":"max-video-preview:-1"},"canonical":"https:\/\/cybersecservices.ch\/en\/the-team\/","og_locale":"en_US","og_type":"article","og_title":"The team - CSS CyberSec Services","og_description":"The CSS Team Our company thrives thanks to the dedication of a close-knit group of professionals, ranging from IT experts to those in accounting and communication. This team operates in an environment of strong, constructive professional interaction, made possible by the quality of human relationships and the recognition of each person\u2019s abilities, commitment, and uniqueness.For [&hellip;]","og_url":"https:\/\/cybersecservices.ch\/en\/the-team\/","og_site_name":"CSS CyberSec Services","article_modified_time":"2025-04-09T14:24:39+00:00","twitter_card":"summary_large_image","twitter_misc":{"Est. reading time":"2 minutes"},"schema":{"@context":"https:\/\/schema.org","@graph":[{"@type":"WebPage","@id":"https:\/\/cybersecservices.ch\/en\/the-team\/","url":"https:\/\/cybersecservices.ch\/en\/the-team\/","name":"The team - CSS CyberSec Services","isPartOf":{"@id":"https:\/\/cybersecservices.ch\/en\/#website"},"datePublished":"2024-06-06T20:36:25+00:00","dateModified":"2025-04-09T14:24:39+00:00","breadcrumb":{"@id":"https:\/\/cybersecservices.ch\/en\/the-team\/#breadcrumb"},"inLanguage":"en-US","potentialAction":[{"@type":"ReadAction","target":["https:\/\/cybersecservices.ch\/en\/the-team\/"]}]},{"@type":"BreadcrumbList","@id":"https:\/\/cybersecservices.ch\/en\/the-team\/#breadcrumb","itemListElement":[{"@type":"ListItem","position":1,"name":"Home","item":"https:\/\/cybersecservices.ch\/en\/css-cybersec-services-the-only-soc-in-ticino\/"},{"@type":"ListItem","position":2,"name":"The team"}]},{"@type":"WebSite","@id":"https:\/\/cybersecservices.ch\/en\/#website","url":"https:\/\/cybersecservices.ch\/en\/","name":"CSS CYBERSECSERVICES","description":"SOC h24 in Ticino","publisher":{"@id":"https:\/\/cybersecservices.ch\/en\/#organization"},"potentialAction":[{"@type":"SearchAction","target":{"@type":"EntryPoint","urlTemplate":"https:\/\/cybersecservices.ch\/en\/?s={search_term_string}"},"query-input":{"@type":"PropertyValueSpecification","valueRequired":true,"valueName":"search_term_string"}}],"inLanguage":"en-US"},{"@type":"Organization","@id":"https:\/\/cybersecservices.ch\/en\/#organization","name":"CSS CYBERSECSERVICES","url":"https:\/\/cybersecservices.ch\/en\/","logo":{"@type":"ImageObject","inLanguage":"en-US","@id":"https:\/\/cybersecservices.ch\/en\/#\/schema\/logo\/image\/","url":"https:\/\/cybersecservices.ch\/wp-content\/uploads\/2024\/05\/CSS_logodef.png","contentUrl":"https:\/\/cybersecservices.ch\/wp-content\/uploads\/2024\/05\/CSS_logodef.png","width":1968,"height":1084,"caption":"CSS CYBERSECSERVICES"},"image":{"@id":"https:\/\/cybersecservices.ch\/en\/#\/schema\/logo\/image\/"}}]}},"_links":{"self":[{"href":"https:\/\/cybersecservices.ch\/en\/wp-json\/wp\/v2\/pages\/32798","targetHints":{"allow":["GET"]}}],"collection":[{"href":"https:\/\/cybersecservices.ch\/en\/wp-json\/wp\/v2\/pages"}],"about":[{"href":"https:\/\/cybersecservices.ch\/en\/wp-json\/wp\/v2\/types\/page"}],"author":[{"embeddable":true,"href":"https:\/\/cybersecservices.ch\/en\/wp-json\/wp\/v2\/users\/3"}],"replies":[{"embeddable":true,"href":"https:\/\/cybersecservices.ch\/en\/wp-json\/wp\/v2\/comments?post=32798"}],"version-history":[{"count":3,"href":"https:\/\/cybersecservices.ch\/en\/wp-json\/wp\/v2\/pages\/32798\/revisions"}],"predecessor-version":[{"id":32802,"href":"https:\/\/cybersecservices.ch\/en\/wp-json\/wp\/v2\/pages\/32798\/revisions\/32802"}],"wp:attachment":[{"href":"https:\/\/cybersecservices.ch\/en\/wp-json\/wp\/v2\/media?parent=32798"}],"curies":[{"name":"wp","href":"https:\/\/api.w.org\/{rel}","templated":true}]}}